{"id":3,"date":"2019-06-26T15:37:48","date_gmt":"2019-06-26T13:37:48","guid":{"rendered":"https:\/\/shop.playskytear.com\/de\/?page_id=3"},"modified":"2019-08-09T23:40:43","modified_gmt":"2019-08-09T21:40:43","slug":"privacy-policy","status":"publish","type":"page","link":"https:\/\/shop.playskytear.com\/en\/privacy-policy\/","title":{"rendered":"Privacy Policy"},"content":{"rendered":"\r\n<p>Questa informativa \u00e8 redatta e personalizzata per i visitatori del sito web <a href=\"https:\/\/shop.playskytear.com\/de\">shop.playskytear.com\/en<\/a><\/p>\r\n\r\n\r\n\r\n<p>I documenti non devono essere, quindi, utilizzati per altri siti, in quanto potrebbero non essere conformi a quella specifica realt\u00e0. Il presente documento annulla e sostituisce integralmente il documento che era stato pubblicato in precedenza.<\/p>\r\n\r\n\r\n\r\n<p>Per fornire un servizio completo il nostro sito pu\u00f2 contenere link ad altri siti web, non gestiti da PvP Geeks s.r.l.. Per tali siti PvP Geeks s.r.l. non \u00e8 responsabile di errori, contenuti, cookies, pubblicazioni di contenuto morale illecito, pubblicit\u00e0, banner o files non conformi alle disposizioni normative vigenti e del rispetto della normativa Privacy.<\/p>\r\n\r\n\r\n\r\n<p>La presente informativa ha valore anche ai fini dell\u2019art. 13 del D.lgs 196\/2003, Codice in materia di protezione dei dati personali, e ai fini dell\u2019art.13 del Regolamento UE n. 2016\/679, relativo alla protezione delle persone fisiche con riguardo al trattamento dei dati personali nonch\u00e8 alla libera circolazione di tali dati, per i soggetti che interagiscono con <a href=\"https:\/\/shop.playskytear.com\/de\">shop.playskytear.com\/en<\/a> ed \u00e8 raggiungibile agli indirizzi corrispondenti alle pagine iniziali: <a href=\"https:\/\/shop.playskytear.com\/en\">shop.playskytear.com\/en<\/a>.<\/p>\r\n\r\n\r\n\r\n<p>Scopo del presente documento \u00e8 fornire indicazioni circa le modalit\u00e0, i tempi e la natura delle informazioni che i titolari del trattamento devono fornire agli utenti al momento della connessione alle pagine web di <a href=\"http:\/\/shop.playskytear.com\/en\">shop.playskytear.com\/en<\/a>, indipendentemente dagli scopi del collegamento stesso, secondo la legislazione italiana ed Europea.<\/p>\r\n\r\n\r\n\r\n<p>L\u2019informativa pu\u00f2 subire modifiche a causa dell\u2019introduzione di nuove norme a riguardo, si invita pertanto l\u2019utente a controllare periodicamente la presente pagina.<\/p>\r\n\r\n\r\n\r\n<p>Se l\u2019utente ha meno di 16 anni, ai sensi dell\u2019art.8 c.1 regolamento UE 2016\/679, dovr\u00e0 legittimare il suo consenso attraverso l\u2019autorizzazione dei genitori o di chi ne fa le veci.<\/p>\r\n\r\n\r\n\r\n<p><strong>Titolare dei Dati <\/strong><\/p>\r\n\r\n\r\n\r\n<p>Il Titolare del trattamento \u00e8 la persona fisica, giuridica, la pubblica amministrazione e qualsiasi altro ente, associazione od organismo cui competono, anche unitamente ad altro titolare, le decisioni in ordine alle finalit\u00e0, alle modalit\u00e0 del trattamento dei dati personali ed agli strumenti utilizzati, ivi compreso il profilo della sicurezza.<\/p>\r\n\r\n\r\n\r\n<p>Relativamente al presente sito web il Titolare del trattamento \u00e8 PvP Geeks s.r.l. con sede legale a MODENA (MO) in VIA CESARE COSTA 19\/D CAP 41123 \u2013 P.IVA 03802310361 e per ogni chiarimento o esercizio dei diritti dell\u2019utente potr\u00e0 contattarlo al seguente indirizzo e-mail: <a href=\"mailto:riccardo.neri@pvpgeeks.com\">riccardo.neri@pvpgeeks.com<\/a> .<\/p>\r\n\r\n\r\n\r\n<p>Tale trattamento sar\u00e0 improntato ai principi di \u00a0correttezza, liceit\u00e0 e trasparenza e di tutela della Sua riservatezza e dei Suoi diritti. Le informazioni ed i dati personali da Lei forniti o altrimenti acquisti nell\u2019ambito dell\u2019utilizzo del sito saranno trattati in accordo alle disposizioni legislative della normativa sopra richiamata e degli obblighi di riservatezza ivi previsti.<\/p>\r\n\r\n\r\n\r\n<p><strong>Responsabile del trattamento dei Dati <\/strong><\/p>\r\n\r\n\r\n\r\n<p>Ai sensi dell\u2019art. 28 del regolamento UE n.2016\/679 il Responsabile del trattamento \u00e8 PvP Geeks s.r.l..<\/p>\r\n\r\n\r\n\r\n<p>Incaricati del trattamento sono le persone di volta in volta preposte dal Titolare. Per conoscere il nominativo delle persone incaricate e per esercitare i diritti dell\u2019interessato, si prega di scrivere a <a href=\"mailto:riccardo.neri@pvpgeeks.com\">riccardo.neri@pvpgeeks.com<\/a> .<\/p>\r\n\r\n\r\n\r\n<p><strong>Tipologia di dati trattati<\/strong><\/p>\r\n\r\n\r\n\r\n<p><strong>Dati di Navigazione<\/strong><\/p>\r\n\r\n\r\n\r\n<p>I sistemi informatici e le procedure software preposte al funzionamento di questo sito web acquisiscono, nel corso del loro normale esercizio, alcuni dati personali la cui trasmissione \u00e8 implicita nell\u2019uso dei protocolli di comunicazione di Internet. Si tratta di informazioni che non sono raccolte per essere associate a interessati identificati, ma che per loro stessa natura potrebbero, attraverso elaborazioni ed associazioni con dati detenuti da terzi, permettere di identificare gli utenti.<\/p>\r\n\r\n\r\n\r\n<p>In questa categoria di dati rientrano ad esempio:<\/p>\r\n\r\n\r\n\r\n<ul class=\"wp-block-list\">\r\n<li>gli indirizzi in notazione URI (Uniform Resource Identifier) delle risorse richieste ed eventuali indicazioni temporali delle stesse;<\/li>\r\n<li>pagine di partenza e di arrivo.<\/li>\r\n<\/ul>\r\n\r\n\r\n\r\n<p>Questi dati vengono utilizzati al solo fine di ricavare informazioni statistiche anonime sull\u2019uso del sito e per controllarne il corretto funzionamento (si veda il paragrafo sui cookie). I dati potrebbero essere utilizzati dalle autorit\u00e0 competenti per l\u2019accertamento di responsabilit\u00e0 in caso di ipotetici reati informatici ai danni del sito<\/p>\r\n\r\n\r\n\r\n<p><strong>Dati personali forniti volontariamente dall\u2019utente<\/strong><\/p>\r\n\r\n\r\n\r\n<p>L\u2019invio facoltativo, esplicito e volontario di posta elettronica agli indirizzi indicati su questo sito comporta la successiva acquisizione dei dati personali del mittente (a mero titolo esemplificativo: nome, cognome, indirizzo e-mail). In questo caso s\u2019informa l\u2019utente che i dati personali forniti dall\u2019utente mediante l\u2019invio facoltativo e volontario di e-mail agli indirizzi indicati su questo sito sono utilizzati al solo fine di organizzare e meglio erogare il servizio richiesto. Il trattamento di questi dati \u00e8 effettuato da nostro personale appositamente incaricato anche con l\u2019ausilio di strumenti elettronici e automatizzati. I dati potranno essere comunicati a terzi individuati dal Titolare nel caso in cui ci\u00f2 sia necessario per l\u2019espletamento delle finalit\u00e0 specificate, ma non saranno diffusi all\u2019esterno n\u00e9 ceduti a terzi. L\u2019utente \u00e8 invitato a non inviare nominativi o altri dati personali di soggetti terzi che non siano strettamente necessari. Si ricorda all\u2019utente che la trasmissione di dati personali a PvP Geeks s.r.l. avviene sotto la Sua diretta responsabilit\u00e0. \u00a0Le e-mail sono tutte conservate su supporto cartaceo e\/o informatico in archivio con accesso a personale autorizzato.<\/p>\r\n\r\n\r\n\r\n<p>Agli utenti \u00e8 data anche la possibilit\u00e0 di contattare telefonicamente per ottenere specifici servizi e richiedere informazioni. Il numero di telefono dal quale viene effettuata la chiamata potrebbe venir registrato in un database di PvP Geeks s.r.l. \u00a0a cui hanno accesso unicamente gli operatori incaricati.<\/p>\r\n\r\n\r\n\r\n<p>Se il contatto avviene tramite altri strumenti quali, ad esempio, Skype, Whatsapp, Hangout, ecc\u2026 l\u2019identificativo, se trasmesso, potr\u00e0 essere registrato in un database di PvP Geeks s.r.l., a cui hanno accesso unicamente operatori incaricati.<\/p>\r\n\r\n\r\n\r\n<p>Con l\u2019invio dei dati stessi l\u2019utente acconsente al trattamento secondo le modalit\u00e0 ora descritte, fatto salvo il diritto di esercitare le facolt\u00e0 concesse dalla legge in ordine alla conferma, verifica, modifica, rettifica, integrazione o cancellazione dei dati stessi.<\/p>\r\n\r\n\r\n\r\n<p><strong>Newsletter<\/strong><\/p>\r\n\r\n\r\n\r\n<p>Tra i dati forniti volontariamente dall\u2019utente rientrano quelli di iscrizione alla newsletter tramite e-mail. Le finalit\u00e0 del trattamento dei dati raccolti al momento di tale iscrizione sono la formulazione di offerte commerciali legate ai prodotti e servizi venduti, rivenduti e offerti da PvP Geeks s.r.l., nonch\u00e9 gli inviti ad eventi e alla comunicazione di materiale informativo e promozionale.<\/p>\r\n\r\n\r\n\r\n<p><strong>Finalit\u00e0 del trattamento<\/strong><\/p>\r\n\r\n\r\n\r\n<p>I dati raccolti durante la navigazione verranno trattati per le seguenti finalit\u00e0:<\/p>\r\n\r\n\r\n\r\n<ol class=\"wp-block-list\">\r\n<li>svolgimento di operazioni strettamente connesse e strumentali alla gestione dei rapporti con gli utenti o dei visitatori del sito;<\/li>\r\n<li>raccolta, conservazione ed elaborazione dei suoi dati per:<\/li>\r\n<\/ol>\r\n\r\n\r\n\r\n<ul class=\"wp-block-list\">\r\n<li>analisi statistiche in forma anonima e\/o aggregata;<\/li>\r\n<li>analisi statistiche \u00a0volte alla verifica della qualit\u00e0 dei servizi offerti dal sito;<\/li>\r\n<\/ul>\r\n\r\n\r\n\r\n<p>Il trattamento dei dati per l\u2019espletamento della finalit\u00e0 di cui al punto 1 \u00e8 obbligatoria e l\u2019eventuale non comunicazione, o comunicazione errata, di una delle informazioni pu\u00f2 limitare e\/o impedire l\u2019utilizzo in pieno delle funzionalit\u00e0 e dei servizi presenti sul sito.<\/p>\r\n\r\n\r\n\r\n<p>Il conferimento dei dati indicati nella finalit\u00e0 2 \u00e8 facoltativo, ed un suo eventuale rifiuto al trattamento non compromette le funzionalit\u00e0 e i servizi presenti sul sito. Il consenso viene prestato dal visitatore continuando la navigazione sul sito.<\/p>\r\n\r\n\r\n\r\n<p><strong>Modalit\u00e0 di trattamento<\/strong><\/p>\r\n\r\n\r\n\r\n<p>I dati raccolti dal sito durante il suo funzionamento sono utilizzati esclusivamente per le finalit\u00e0 indicate nel presente documento. I dati sono trattati con strumenti manuali ed elettronici.<\/p>\r\n\r\n\r\n\r\n<p>Specifiche misure di sicurezza sono osservate per prevenire la perdita dei dati, usi illeciti o non corretti ed accessi non autorizzati.<\/p>\r\n\r\n\r\n\r\n<p>I dati sono trattati presso la sede legale, anche con l\u2019ausilio e il supporto di strumenti elettronici, secondo le norme di sicurezza prescritte dalla vigente legislazione. Tali dati sono curati solo da personale tecnico incaricato del trattamento.<\/p>\r\n\r\n\r\n\r\n<p>Le pagine del presente sito sono ospitate su server dell\u2019azienda WP Engine con sede a Bruxelles.<\/p>\r\n\r\n\r\n\r\n<p><strong>Comunicazione e Diffusione<\/strong><\/p>\r\n\r\n\r\n\r\n<p>I suoi dati sono trattati all\u2019interno dell\u2019azienda dai soggetti autorizzati e nominati incaricati dal Titolare.<\/p>\r\n\r\n\r\n\r\n<p>I suoi dati possono essere comunicati a terzi, in particolare a:<\/p>\r\n\r\n\r\n\r\n<ul class=\"wp-block-list\">\r\n<li>Provider esterno;<\/li>\r\n<li>Societ\u00e0 che erogano i servizi relativi ai cookie di terze parti.<\/li>\r\n<\/ul>\r\n\r\n\r\n\r\n<p>I suoi dati non saranno diffusi.<\/p>\r\n\r\n\r\n\r\n<p><strong>COOKIES POLICY<\/strong><\/p>\r\n\r\n\r\n\r\n<p>Tale sezione \u00e8 parte integrante della \u201cPrivacy e Cookies Policy\u201d\u2019 di questo sito e ha la finalit\u00e0 di permettere all\u2019utente una migliore comprensione in merito all\u2019utilizzo e alla disattivazione dei cookie.<\/p>\r\n\r\n\r\n\r\n<p>I cookie sono stringhe di testo di piccole dimensioni che i siti visitati dall\u2019utente inviano al suo terminale (solitamente al browser), dove vengono memorizzati per essere poi ritrasmessi agli stessi siti alla successiva visita del medesimo utente. L\u2019utente pu\u00f2 impostare la \u201cnavigazione anonima\u201d che consente all\u2019utente di navigare in internet senza salvare alcuna informazione sui siti, sulle pagine visitate, su eventuali password inserite e su altre informazioni\/parametri.<\/p>\r\n\r\n\r\n\r\n<p>Questo sito fa uso di <strong>cookies tecnici<\/strong> per consentire il corretto funzionamento della sezione dei Contatti, tramite cui inviare richieste a PvP Geeks s.r.l. e di <strong>cookies analitici di terze parti (esclusivamente Google Analytics)<\/strong> che servono a monitorare l\u2019uso del sito da parte degli utenti per finalit\u00e0 di ottimizzazione dello stesso.<\/p>\r\n\r\n\r\n\r\n<p>Per ulteriori informazioni a riguardo si rimanda a:<\/p>\r\n\r\n\r\n\r\n<ul class=\"wp-block-list\">\r\n<li><strong>Garante Privacy:<\/strong> <a href=\"http:\/\/www.garanteprivacy.it\/cookie\"><strong>http:\/\/www.garanteprivacy.it\/cookie<\/strong><\/a><\/li>\r\n<li><strong>Google Analytics:<\/strong> <a href=\"http:\/\/www.google.com\/analytics\/terms\/it.html\"><strong>http:\/\/www.google.com\/analytics\/terms\/it.html <\/strong><\/a><a href=\"http:\/\/www.google.com\/privacypolicy.html\"><strong>http:\/\/www.google.com\/privacypolicy.html<\/strong><\/a><\/li>\r\n<\/ul>\r\n\r\n\r\n\r\n<p>Per consultare le istruzioni su come modificare la gestione e la cancellazione dei cookies tramite il proprio browser, cliccare sul link del browser utilizzato:<\/p>\r\n\r\n\r\n\r\n<ul class=\"wp-block-list\">\r\n<li><a href=\"https:\/\/support.mozilla.org\/it\/kb\/Attivare%20e%20disattivare%20i%20cookie\">Firefox<\/a><\/li>\r\n<li><a href=\"http:\/\/www.google.com\/policies\/technologies\/managing\/\">Chrome<\/a><\/li>\r\n<li><a href=\"https:\/\/support.apple.com\/it-it\/HT201265\">Safari<\/a><\/li>\r\n<li><a href=\"http:\/\/help.opera.com\/Mac\/12.10\/it\/cookies.html\">Opera<\/a><\/li>\r\n<li><a href=\"http:\/\/windows.microsoft.com\/it-it\/internet-explorer\/delete-manage-cookies#ie=ie-11\">Internet Explorer<\/a><\/li>\r\n<\/ul>\r\n\r\n\r\n\r\n<p>Se si utilizza un browser Web non presente nell\u2019elenco riportato sopra, si prega di fare riferimento alla documentazione o alla guida online del proprio browser per ottenere ulteriori informazioni.<\/p>\r\n\r\n\r\n\r\n<p>Si avvisano gli utenti che il Titolare funge da meramente da intermediario tecnico per i link riportati in questo documento e non pu\u00f2 assumersi nessuna responsabilit\u00e0 in caso di eventuale modifica<em>.<\/em><\/p>\r\n\r\n\r\n\r\n<p><strong>DIRITTI DEGLI INTERESSATI<\/strong><\/p>\r\n\r\n\r\n\r\n<p>L\u2019art.13, c.2 del Regolamento UE 2016\/679 elenca i diritti dell\u2019utente.<\/p>\r\n\r\n\r\n\r\n<p>Il sito <a href=\"http:\/\/shop.playskytear.com\/en\">shop.playskytear.com\/en<\/a> intende pertanto informare l\u2019utente sull\u2019esistenza:<\/p>\r\n\r\n\r\n\r\n<ul class=\"wp-block-list\">\r\n<li>del diritto dell\u2019interessato di chiedere al titolare l\u2019accesso ai dati personali (art.15 Regolamento UE), il loro aggiornamento (art.7 co.3, lett.a) D.lgs 196\/2003), la rettifica (art. 16 Regolamento UE), l\u2019integrazione (art. 7, co.3 lett.a) D.lgs 196\/2003) o la limitazione del trattamento che lo riguardino (art.18 Regolamento UE) o di opporsi, per motivi legittimi, al loro trattamento (art.21 Regolamento UE), oltre al diritto alla portabilit\u00e0 dei dati (art.20 Regolamento UE);<\/li>\r\n<li>del diritto di chiedere la cancellazione (art.17 Regolamento UE), la trasformazione in forma anonima o il blocco dei dati trattati in violazione di legge, compresi quelli di cui non \u00e8 necessaria la conservazione in relazione agli scopi per i quali i dati sono stati raccolti o successivamente trattati (art.7, co.3, lett.b) D.lgs 196\/2003);<\/li>\r\n<li>del diritto di ottenere l\u2019attestazione che le operazione di aggiornamento, rettificazione, integrazione dei dati, cancellazione, blocco dei dati, trasformazione sono state portate a conoscenza, anche per quanto riguarda il loro contenuto, di coloro ai quali i dati sono stati comunicazioni o diffusi, eccettuato il caso in cui tale adempimento si rileva impossibile o comporta un impiego di mezzi manifestamente sproporzionato rispetto al diritto tutelato (art.7, co.3 lett.c) D.lgs 196\/2003).<\/li>\r\n<\/ul>\r\n\r\n\r\n\r\n<p>Le richieste possono essere indirizzate al titolare del trattamento, senza formalit\u00e0 o, in alternativa, utilizzando il modello previsto dal Garante per la protezione dei dati personali, o inviando una mail all\u2019indirizzo: <a href=\"mailto:riccardo.neri@pvpgeeks.com\">riccardo.neri@pvpgeeks.com<\/a> .<\/p>\r\n\r\n\r\n\r\n<p>Per ulteriori informazioni o aggiornamenti in materia di privacy, visitare il sito <a href=\"http:\/\/www.garanteprivacy.it\">www.garanteprivacy.it<\/a><a href=\"http:\/\/www.garanteprivacy.it\/\"> .<\/a><\/p>\r\n\r\n\r\n\r\n<p><strong>LE EVENTUALI RICHIESTE VANNO RIVOLTE DIRETTAMENTE A PVP GEEKS S.R.L..<\/strong><\/p>\r\n\r\n\r\n\r\n<p><strong>PVP GEEKS S.R.L. SI RISERVA IL DIRITTO DI MODIFICARE IN QUALSIASI MOMENTO IL PRESENTE DOCUMENTO.<\/strong><\/p>\r\n","protected":false},"excerpt":{"rendered":"<p>Questa informativa \u00e8 redatta e personalizzata per i visitatori del sito web shop.playskytear.com\/en I documenti non devono essere, quindi, utilizzati per altri siti, in quanto potrebbero non essere conformi a quella specifica realt\u00e0. Il presente documento annulla e sostituisce integralmente il documento che era stato pubblicato in precedenza. Per fornire un servizio completo il nostro [&hellip;]<\/p>\n","protected":false},"author":1,"featured_media":0,"parent":0,"menu_order":0,"comment_status":"closed","ping_status":"closed","template":"","meta":{"footnotes":""},"class_list":["post-3","page","type-page","status-publish","hentry"],"jetpack_sharing_enabled":true,"_links":{"self":[{"href":"https:\/\/shop.playskytear.com\/en\/wp-json\/wp\/v2\/pages\/3","targetHints":{"allow":["GET"]}}],"collection":[{"href":"https:\/\/shop.playskytear.com\/en\/wp-json\/wp\/v2\/pages"}],"about":[{"href":"https:\/\/shop.playskytear.com\/en\/wp-json\/wp\/v2\/types\/page"}],"author":[{"embeddable":true,"href":"https:\/\/shop.playskytear.com\/en\/wp-json\/wp\/v2\/users\/1"}],"replies":[{"embeddable":true,"href":"https:\/\/shop.playskytear.com\/en\/wp-json\/wp\/v2\/comments?post=3"}],"version-history":[{"count":7,"href":"https:\/\/shop.playskytear.com\/en\/wp-json\/wp\/v2\/pages\/3\/revisions"}],"predecessor-version":[{"id":150,"href":"https:\/\/shop.playskytear.com\/en\/wp-json\/wp\/v2\/pages\/3\/revisions\/150"}],"wp:attachment":[{"href":"https:\/\/shop.playskytear.com\/en\/wp-json\/wp\/v2\/media?parent=3"}],"curies":[{"name":"wp","href":"https:\/\/api.w.org\/{rel}","templated":true}]}}